{"id":593,"date":"2022-11-23T07:48:10","date_gmt":"2022-11-23T07:48:10","guid":{"rendered":"https:\/\/preise.gardendreams.de\/product\/modele-a-systeme-coulissant-vitre-2\/"},"modified":"2022-11-23T07:48:10","modified_gmt":"2022-11-23T07:48:10","slug":"modele-a-systeme-coulissant-vitre-2","status":"publish","type":"product","link":"https:\/\/preise.gardendreams.de\/fr\/product\/modele-a-systeme-coulissant-vitre-2\/","title":{"rendered":"Mod\u00e8le \u00e0 syst\u00e8me coulissant vitr\u00e9"},"menu_order":32,"template":"","categories":[50],"class_list":["post-593","product","type-product","status-publish","hentry","category-pergolas-jardins-dhiver"],"_links":{"self":[{"href":"https:\/\/preise.gardendreams.de\/fr\/wp-json\/wp\/v2\/product\/593","targetHints":{"allow":["GET"]}}],"collection":[{"href":"https:\/\/preise.gardendreams.de\/fr\/wp-json\/wp\/v2\/product"}],"about":[{"href":"https:\/\/preise.gardendreams.de\/fr\/wp-json\/wp\/v2\/types\/product"}],"wp:attachment":[{"href":"https:\/\/preise.gardendreams.de\/fr\/wp-json\/wp\/v2\/media?parent=593"}],"wp:term":[{"taxonomy":"category","embeddable":true,"href":"https:\/\/preise.gardendreams.de\/fr\/wp-json\/wp\/v2\/categories?post=593"}],"curies":[{"name":"wp","href":"https:\/\/api.w.org\/{rel}","templated":true}]}}