{"id":590,"date":"2022-11-23T08:42:22","date_gmt":"2022-11-23T08:42:22","guid":{"rendered":"https:\/\/preise.gardendreams.de\/product\/modele-a-systeme-coulissant-vitre\/"},"modified":"2022-11-23T08:42:22","modified_gmt":"2022-11-23T08:42:22","slug":"modele-a-systeme-coulissant-vitre","status":"publish","type":"product","link":"https:\/\/preise.gardendreams.de\/fr\/product\/modele-a-systeme-coulissant-vitre\/","title":{"rendered":"Mod\u00e8le \u00e0 syst\u00e8me coulissant vitr\u00e9"},"menu_order":36,"template":"","categories":[50],"class_list":["post-590","product","type-product","status-publish","hentry","category-pergolas-jardins-dhiver"],"_links":{"self":[{"href":"https:\/\/preise.gardendreams.de\/fr\/wp-json\/wp\/v2\/product\/590","targetHints":{"allow":["GET"]}}],"collection":[{"href":"https:\/\/preise.gardendreams.de\/fr\/wp-json\/wp\/v2\/product"}],"about":[{"href":"https:\/\/preise.gardendreams.de\/fr\/wp-json\/wp\/v2\/types\/product"}],"wp:attachment":[{"href":"https:\/\/preise.gardendreams.de\/fr\/wp-json\/wp\/v2\/media?parent=590"}],"wp:term":[{"taxonomy":"category","embeddable":true,"href":"https:\/\/preise.gardendreams.de\/fr\/wp-json\/wp\/v2\/categories?post=590"}],"curies":[{"name":"wp","href":"https:\/\/api.w.org\/{rel}","templated":true}]}}