{"id":361,"date":"2022-11-28T11:13:26","date_gmt":"2022-11-28T11:13:26","guid":{"rendered":"https:\/\/preise.gardendreams.de\/homepage\/"},"modified":"2022-12-01T07:36:43","modified_gmt":"2022-12-01T07:36:43","slug":"homepage","status":"publish","type":"page","link":"https:\/\/preise.gardendreams.de\/fr\/","title":{"rendered":"Homepage"},"content":{"rendered":"\n<h1 class=\"base-title wp-block-heading\">Profitez de votre jardin<br\/><em>au gr\u00e9 des saisons<\/em><\/h1>\n\n<p>Une pergola Gardendreams est le r\u00e9sultat d\u2019un ensemble technique pens\u00e9 et mis en oeuvre par notre D\u00e9partement recherche et d\u00e9veloppement dont les priorit\u00e9s sont la qualit\u00e9 et la satisfaction du client.<\/p>\n\n<p>Het systeem biedt extra dikke profielen voor een betere stabiliteit, zeer verfijnde afwerking voor een optimaal design. Het is bovenal een uiterst compleet systeem voor zorgeloos genot.<\/p>\n\n<p>Tous nos produits sont fabriqu\u00e9s en Allemagne dans le respect des standards qualit\u00e9 des normes de construction europ\u00e9enne , garantissant\ndurabilit\u00e9 et r\u00e9sistance, garantie de 10 ans . Le choix de l\u2019aluminium comme mat\u00e9riau recyclable prot\u00e9g\u00e9 par un laquage est garanti sans \u00e9coloration\netne n\u00e9cessite que peu d\u2019entretien.<\/p>\n\n<p>Onze terrasoverkappingen zijn volledig voorbereidt op vele uitbreidingsmogelijkheden, die uw comfort aanzienlijk verbeteren. Bescherm uzelf tegen wind en regen met een zijwand of aluminium wand.<\/p>\n\n<p>Sluit uw veranda af met een schuifpui of volledig transparant glasschuifwandsysteem. Of vermijdt warmte onder uw veranda met zonwering of een schuifdak. De mogelijkheden zijn eindeloos!<\/p>\n","protected":false},"excerpt":{"rendered":"<p>Profitez de votre jardinau gr\u00e9 des saisons Une pergola Gardendreams est le r\u00e9sultat d\u2019un ensemble technique pens\u00e9 et mis en oeuvre par notre D\u00e9partement recherche et d\u00e9veloppement dont les priorit\u00e9s sont la qualit\u00e9 et la satisfaction du client. Het systeem biedt extra dikke profielen voor een betere stabiliteit, zeer verfijnde afwerking voor een optimaal design. [&hellip;]<\/p>\n","protected":false},"author":1,"featured_media":0,"parent":0,"menu_order":0,"comment_status":"closed","ping_status":"closed","template":"","meta":{"content-type":"","footnotes":""},"class_list":["post-361","page","type-page","status-publish","hentry"],"_links":{"self":[{"href":"https:\/\/preise.gardendreams.de\/fr\/wp-json\/wp\/v2\/pages\/361","targetHints":{"allow":["GET"]}}],"collection":[{"href":"https:\/\/preise.gardendreams.de\/fr\/wp-json\/wp\/v2\/pages"}],"about":[{"href":"https:\/\/preise.gardendreams.de\/fr\/wp-json\/wp\/v2\/types\/page"}],"author":[{"embeddable":true,"href":"https:\/\/preise.gardendreams.de\/fr\/wp-json\/wp\/v2\/users\/1"}],"replies":[{"embeddable":true,"href":"https:\/\/preise.gardendreams.de\/fr\/wp-json\/wp\/v2\/comments?post=361"}],"version-history":[{"count":10,"href":"https:\/\/preise.gardendreams.de\/fr\/wp-json\/wp\/v2\/pages\/361\/revisions"}],"predecessor-version":[{"id":362,"href":"https:\/\/preise.gardendreams.de\/fr\/wp-json\/wp\/v2\/pages\/361\/revisions\/362"}],"wp:attachment":[{"href":"https:\/\/preise.gardendreams.de\/fr\/wp-json\/wp\/v2\/media?parent=361"}],"curies":[{"name":"wp","href":"https:\/\/api.w.org\/{rel}","templated":true}]}}